{"id":3650,"date":"2024-09-25T12:30:51","date_gmt":"2024-09-25T10:30:51","guid":{"rendered":"https:\/\/camp-kozica.com\/Redizajn\/?page_id=3650"},"modified":"2025-05-18T12:47:47","modified_gmt":"2025-05-18T10:47:47","slug":"virtualna-setnja-panorama-360-stupnjeva","status":"publish","type":"page","link":"https:\/\/camp-kozica.com\/hr\/virtualna-setnja-panorama-360-stupnjeva\/","title":{"rendered":"Virtualna \u0161etnja, panorama 360 stupnjeva"},"content":{"rendered":"<p>[et_pb_section fb_built=&#8221;1&#8243; fullwidth=&#8221;on&#8221; _builder_version=&#8221;4.27.0&#8243; _module_preset=&#8221;default&#8221; box_shadow_style=&#8221;preset1&#8243; global_colors_info=&#8221;{}&#8221;][et_pb_fullwidth_slider show_arrows=&#8221;off&#8221; show_pagination=&#8221;off&#8221; _builder_version=&#8221;4.27.0&#8243; _module_preset=&#8221;default&#8221; height=&#8221;700px&#8221; custom_padding=&#8221;451px||112px|||&#8221; animation_style=&#8221;fade&#8221; animation_direction=&#8221;left&#8221; auto=&#8221;on&#8221; auto_speed=&#8221;5000&#8243; global_colors_info=&#8221;{}&#8221;][et_pb_slide _builder_version=&#8221;4.27.0&#8243; _module_preset=&#8221;default&#8221; background_enable_color=&#8221;off&#8221; background_image=&#8221;https:\/\/camp-kozica.com\/wp-content\/uploads\/2024\/09\/camp_kozica_slider1.jpg&#8221; background_enable_image=&#8221;on&#8221; global_colors_info=&#8221;{}&#8221; sticky_transition=&#8221;on&#8221;][\/et_pb_slide][et_pb_slide _builder_version=&#8221;4.27.0&#8243; _module_preset=&#8221;default&#8221; background_enable_color=&#8221;off&#8221; background_image=&#8221;https:\/\/camp-kozica.com\/wp-content\/uploads\/2024\/09\/camp_kozica_slider2.jpg&#8221; background_enable_image=&#8221;on&#8221; global_colors_info=&#8221;{}&#8221; sticky_transition=&#8221;on&#8221;][\/et_pb_slide][et_pb_slide _builder_version=&#8221;4.27.0&#8243; _module_preset=&#8221;default&#8221; background_enable_color=&#8221;off&#8221; background_image=&#8221;https:\/\/camp-kozica.com\/wp-content\/uploads\/2024\/09\/camp_kozica_slider3.jpg&#8221; background_enable_image=&#8221;on&#8221; global_colors_info=&#8221;{}&#8221; sticky_transition=&#8221;on&#8221;][\/et_pb_slide][et_pb_slide _builder_version=&#8221;4.27.0&#8243; _module_preset=&#8221;default&#8221; background_enable_color=&#8221;off&#8221; background_image=&#8221;https:\/\/camp-kozica.com\/wp-content\/uploads\/2024\/09\/camp_kozica_slider4.jpg&#8221; background_enable_image=&#8221;on&#8221; background_position=&#8221;bottom_left&#8221; global_colors_info=&#8221;{}&#8221; sticky_transition=&#8221;on&#8221;][\/et_pb_slide][et_pb_slide _builder_version=&#8221;4.27.0&#8243; _module_preset=&#8221;default&#8221; background_enable_color=&#8221;off&#8221; background_image=&#8221;https:\/\/camp-kozica.com\/wp-content\/uploads\/2024\/09\/camp_kozica_slider5.jpg&#8221; background_enable_image=&#8221;on&#8221; background_position=&#8221;bottom_left&#8221; global_colors_info=&#8221;{}&#8221; sticky_transition=&#8221;on&#8221;][\/et_pb_slide][\/et_pb_fullwidth_slider][\/et_pb_section][et_pb_section fb_built=&#8221;1&#8243; admin_label=&#8221;About&#8221; _builder_version=&#8221;4.16&#8243; _module_preset=&#8221;default&#8221; background_enable_color=&#8221;off&#8221; background_enable_image=&#8221;off&#8221; global_colors_info=&#8221;{}&#8221;][et_pb_row _builder_version=&#8221;4.16&#8243; _module_preset=&#8221;default&#8221; global_colors_info=&#8221;{}&#8221;][et_pb_column type=&#8221;4_4&#8243; _builder_version=&#8221;4.16&#8243; _module_preset=&#8221;default&#8221; global_colors_info=&#8221;{}&#8221;][et_pb_text _builder_version=&#8221;4.27.0&#8243; _module_preset=&#8221;003e9429-8e11-4d9e-968b-8881092bbf81&#8243; header_2_font=&#8221;Jost|700|||||||&#8221; header_2_text_align=&#8221;center&#8221; header_2_text_color=&#8221;#0C71C3&#8243; header_2_font_size=&#8221;60px&#8221; header_2_line_height=&#8221;1.1em&#8221; module_alignment=&#8221;center&#8221; animation_style=&#8221;slide&#8221; animation_direction=&#8221;top&#8221; animation_delay=&#8221;550ms&#8221; header_2_font_size_tablet=&#8221;32px&#8221; header_2_font_size_phone=&#8221;20px&#8221; header_2_font_size_last_edited=&#8221;on|phone&#8221; header_2_text_shadow_style=&#8221;preset1&#8243; locked=&#8221;off&#8221; global_colors_info=&#8221;{}&#8221;]<\/p>\n<h2>Kamp Kozica<\/h2>\n<h2>virtualna \u0161etnja<\/h2>\n<p>[\/et_pb_text][et_pb_text _builder_version=&#8221;4.27.0&#8243; _module_preset=&#8221;003e9429-8e11-4d9e-968b-8881092bbf81&#8243; header_2_font=&#8221;Jost|700|||||||&#8221; header_2_text_align=&#8221;center&#8221; header_2_text_color=&#8221;#00c5fc&#8221; header_2_font_size=&#8221;60px&#8221; header_2_line_height=&#8221;1.1em&#8221; module_alignment=&#8221;center&#8221; animation_style=&#8221;slide&#8221; animation_direction=&#8221;left&#8221; animation_delay=&#8221;550ms&#8221; header_2_font_size_tablet=&#8221;32px&#8221; header_2_font_size_phone=&#8221;20px&#8221; header_2_font_size_last_edited=&#8221;on|phone&#8221; header_2_text_shadow_style=&#8221;preset1&#8243; locked=&#8221;off&#8221; global_colors_info=&#8221;{}&#8221;]<\/p>\n<h2>Panorama 360\u00b0<\/h2>\n<p>[\/et_pb_text][et_pb_text _builder_version=&#8221;4.27.0&#8243; _module_preset=&#8221;22d0da71-6393-430b-a0cd-b77dd565e85c&#8221; text_font=&#8221;&#8211;et_global_body_font|500|||||||&#8221; text_font_size=&#8221;16px&#8221; text_line_height=&#8221;1.8em&#8221; text_orientation=&#8221;center&#8221; max_width=&#8221;890px&#8221; module_alignment=&#8221;center&#8221; animation_style=&#8221;slide&#8221; animation_direction=&#8221;bottom&#8221; animation_delay=&#8221;550ms&#8221; text_font_size_tablet=&#8221;15px&#8221; text_font_size_phone=&#8221;14px&#8221; text_font_size_last_edited=&#8221;on|phone&#8221; header_font_size_tablet=&#8221;55px&#8221; header_font_size_last_edited=&#8221;off|desktop&#8221; locked=&#8221;off&#8221; global_colors_info=&#8221;{}&#8221;]<\/p>\n<p>Panorama u 360 stupnjeva Kampa Kozica nudi pogled kojim mo\u017eete vidjeti cjelokupnu povr\u0161inu, raspored smje\u0161tajnih jedinica \u00a0i poziciju kampa.<\/p>\n<p>[\/et_pb_text][\/et_pb_column][\/et_pb_row][\/et_pb_section][et_pb_section fb_built=&#8221;1&#8243; fullwidth=&#8221;on&#8221; _builder_version=&#8221;4.27.0&#8243; _module_preset=&#8221;default&#8221; animation_style=&#8221;fade&#8221; animation_duration=&#8221;1500ms&#8221; animation_delay=&#8221;550ms&#8221; box_shadow_style=&#8221;preset1&#8243; global_colors_info=&#8221;{}&#8221;][et_pb_fullwidth_code _builder_version=&#8221;4.27.4&#8243; _module_preset=&#8221;default&#8221; hover_enabled=&#8221;0&#8243; global_colors_info=&#8221;{}&#8221; sticky_enabled=&#8221;0&#8243;]<iframe width=\"100%\" height=\"800\" frameborder=\"0\" allow=\"xr-spatial-tracking; gyroscope; accelerometer\" allowfullscreen scrolling=\"no\" src=\"https:\/\/kuula.co\/share\/collection\/71F4Z?logo=1&#038;info=1&#038;fs=1&#038;vr=1&#038;zoom=1&#038;sd=1&#038;autorotate=0.08&#038;autop=30&#038;thumbs=1\"><\/iframe>[\/et_pb_fullwidth_code][\/et_pb_section][et_pb_section fb_built=&#8221;1&#8243; _builder_version=&#8221;4.27.0&#8243; _module_preset=&#8221;default&#8221; global_colors_info=&#8221;{}&#8221;][et_pb_row _builder_version=&#8221;4.27.0&#8243; _module_preset=&#8221;default&#8221; global_colors_info=&#8221;{}&#8221;][et_pb_column type=&#8221;4_4&#8243; _builder_version=&#8221;4.27.0&#8243; _module_preset=&#8221;default&#8221; global_colors_info=&#8221;{}&#8221;][et_pb_text _builder_version=&#8221;4.27.0&#8243; _module_preset=&#8221;22d0da71-6393-430b-a0cd-b77dd565e85c&#8221; text_font=&#8221;&#8211;et_global_body_font|500|||||||&#8221; text_font_size=&#8221;16px&#8221; text_line_height=&#8221;1.8em&#8221; text_orientation=&#8221;center&#8221; max_width=&#8221;890px&#8221; module_alignment=&#8221;center&#8221; animation_style=&#8221;slide&#8221; animation_direction=&#8221;bottom&#8221; animation_delay=&#8221;550ms&#8221; text_font_size_tablet=&#8221;15px&#8221; text_font_size_phone=&#8221;14px&#8221; text_font_size_last_edited=&#8221;on|phone&#8221; header_font_size_tablet=&#8221;55px&#8221; header_font_size_last_edited=&#8221;off|desktop&#8221; locked=&#8221;off&#8221; global_colors_info=&#8221;{}&#8221;]<\/p>\n<p>Da biste pregledavali 360\u00b0 panoramu, koristite mi\u0161 na svojem ra\u010dunalu.<\/p>\n<p>Na va\u0161em pametnom telefonu panoramu 360\u00b0 mo\u017eete pregledavati pomicanjem svojeg ure\u0111aja.<\/p>\n<p>[\/et_pb_text][\/et_pb_column][\/et_pb_row][\/et_pb_section][et_pb_section fb_built=&#8221;1&#8243; custom_padding_last_edited=&#8221;off|desktop&#8221; admin_label=&#8221;Call to Action&#8221; _builder_version=&#8221;4.27.0&#8243; _module_preset=&#8221;default&#8221; use_background_color_gradient=&#8221;on&#8221; background_color_gradient_direction=&#8221;30deg&#8221; background_color_gradient_stops=&#8221;#0ec0f2 0%|rgba(255,255,255,0) 50%&#8221; background_color_gradient_overlays_image=&#8221;on&#8221; background_color_gradient_start=&#8221;#8300e9&#8243; background_color_gradient_end=&#8221;rgba(255,255,255,0)&#8221; background_color_gradient_end_position=&#8221;50%&#8221; background_image=&#8221;https:\/\/camp-kozica.com\/wp-content\/uploads\/2024\/09\/camp_kozica_camping_croatia.jpg&#8221; parallax=&#8221;on&#8221; custom_margin=&#8221;||50px||false|false&#8221; custom_padding=&#8221;8vw||||false|false&#8221; custom_padding_tablet=&#8221;150px||||false|false&#8221; custom_padding_phone=&#8221;100px||||false|false&#8221; box_shadow_style=&#8221;preset1&#8243; global_colors_info=&#8221;{}&#8221;][et_pb_row _builder_version=&#8221;4.27.0&#8243; _module_preset=&#8221;default&#8221; z_index=&#8221;20&#8243; animation_style=&#8221;fade&#8221; animation_delay=&#8221;550ms&#8221; scroll_scaling_enable=&#8221;on&#8221; scroll_scaling=&#8221;0|50|50|100|70|120%|100&#8243; global_colors_info=&#8221;{}&#8221;][et_pb_column type=&#8221;4_4&#8243; _builder_version=&#8221;4.16&#8243; _module_preset=&#8221;default&#8221; global_colors_info=&#8221;{}&#8221;][et_pb_text _builder_version=&#8221;4.27.0&#8243; _module_preset=&#8221;003e9429-8e11-4d9e-968b-8881092bbf81&#8243; header_2_font=&#8221;Jost|700|||||||&#8221; header_2_text_align=&#8221;center&#8221; header_2_text_color=&#8221;#FFFFFF&#8221; header_2_font_size=&#8221;120px&#8221; header_2_line_height=&#8221;1.1em&#8221; header_2_font_size_tablet=&#8221;32px&#8221; header_2_font_size_phone=&#8221;20px&#8221; header_2_font_size_last_edited=&#8221;on|phone&#8221; header_2_text_shadow_style=&#8221;preset1&#8243; header_2_text_shadow_color=&#8221;rgba(12,113,195,0.59)&#8221; locked=&#8221;off&#8221; global_colors_info=&#8221;{}&#8221;]<\/p>\n<h2>Kampiranje u Hrvatskoj?<\/h2>\n<p>[\/et_pb_text][\/et_pb_column][\/et_pb_row][et_pb_row custom_padding_last_edited=&#8221;on|tablet&#8221; _builder_version=&#8221;4.27.0&#8243; _module_preset=&#8221;default&#8221; background_color=&#8221;#FFFFFF&#8221; z_index=&#8221;20&#8243; custom_margin=&#8221;||-100px||false|false&#8221; custom_padding=&#8221;60px|60px|60px|60px|true|true&#8221; custom_padding_tablet=&#8221;30px|30px|30px|30px|true|true&#8221; custom_padding_phone=&#8221;20px|20px|20px|20px|true|true&#8221; animation_style=&#8221;fade&#8221; animation_delay=&#8221;600ms&#8221; scroll_scaling_enable=&#8221;on&#8221; scroll_scaling=&#8221;0|50|50|100|70|100%|90%&#8221; border_radii=&#8221;on|30px|30px|30px|30px&#8221; box_shadow_style=&#8221;preset1&#8243; box_shadow_color=&#8221;rgba(20,18,40,0.05)&#8221; global_colors_info=&#8221;{}&#8221;][et_pb_column type=&#8221;4_4&#8243; _builder_version=&#8221;4.16&#8243; _module_preset=&#8221;default&#8221; global_colors_info=&#8221;{}&#8221;][et_pb_text _builder_version=&#8221;4.27.0&#8243; _module_preset=&#8221;22d0da71-6393-430b-a0cd-b77dd565e85c&#8221; text_font_size=&#8221;16px&#8221; text_line_height=&#8221;1.8em&#8221; text_orientation=&#8221;center&#8221; text_font_size_tablet=&#8221;15px&#8221; text_font_size_phone=&#8221;14px&#8221; text_font_size_last_edited=&#8221;on|phone&#8221; header_font_size_tablet=&#8221;55px&#8221; header_font_size_last_edited=&#8221;off|desktop&#8221; locked=&#8221;off&#8221; global_colors_info=&#8221;{}&#8221;]<\/p>\n<p>Kamp Kozica je savr\u0161eno mjesto za istinski odmor u netaknutoj prirodi. Savr\u0161eno pozicioniran, idealan za one koji doista u\u017eivaju u nesputanom kampiranju. A u isto vrijeme odli\u010dno prometno povezan s ve\u0107im turisti\u010dkim sredi\u0161tima.\u00a0<\/p>\n<p>Javite nam se ve\u0107 danas i osigurajte svoj savr\u0161en kamperski odmor.\u00a0<\/p>\n<p>[\/et_pb_text][et_pb_text _builder_version=&#8221;4.27.0&#8243; _module_preset=&#8221;default&#8221; text_font=&#8221;Jost|700|||||||&#8221; text_text_color=&#8221;rgba(32,204,252,0.69)&#8221; text_font_size=&#8221;80px&#8221; text_line_height=&#8221;1.1em&#8221; header_4_text_color=&#8221;#00c5fc&#8221; header_4_line_height=&#8221;1.5em&#8221; text_orientation=&#8221;center&#8221; text_font_size_tablet=&#8221;40px&#8221; text_font_size_phone=&#8221;20px&#8221; text_font_size_last_edited=&#8221;on|phone&#8221; header_font_size_tablet=&#8221;55px&#8221; header_font_size_last_edited=&#8221;off|desktop&#8221; header_4_font_size_tablet=&#8221;&#8221; header_4_font_size_phone=&#8221;15px&#8221; header_4_font_size_last_edited=&#8221;on|tablet&#8221; locked=&#8221;off&#8221; global_colors_info=&#8221;{}&#8221;]+385 51 627 410[\/et_pb_text][et_pb_button button_url=&#8221;mailto:%20camp.kozica@luje.hr&#8221; button_text=&#8221;Po\u0161aljite nam poruku&#8221; button_alignment=&#8221;center&#8221; _builder_version=&#8221;4.27.0&#8243; _module_preset=&#8221;f05bba5e-c4ed-4d16-99f6-de883c2b94d5&#8243; custom_button=&#8221;on&#8221; button_text_size=&#8221;14px&#8221; button_text_color=&#8221;#FFFFFF&#8221; button_bg_color=&#8221;#0C71C3&#8243; button_border_width=&#8221;0px&#8221; button_border_radius=&#8221;10px&#8221; button_letter_spacing=&#8221;0.2em&#8221; button_font=&#8221;|700||on|||||&#8221; button_use_icon=&#8221;off&#8221; custom_padding=&#8221;15px|30px|15px|30px|true|true&#8221; global_colors_info=&#8221;{}&#8221; button_bg_color__hover_enabled=&#8221;on|hover&#8221; button_bg_color__hover=&#8221;#E02B20&#8243; button_bg_enable_color__hover=&#8221;on&#8221;][\/et_pb_button][\/et_pb_column][\/et_pb_row][et_pb_row _builder_version=&#8221;4.27.0&#8243; _module_preset=&#8221;default&#8221; positioning=&#8221;absolute&#8221; position_origin_a=&#8221;bottom_center&#8221; width=&#8221;100%&#8221; max_width=&#8221;none&#8221; custom_padding=&#8221;0px||0px||true|false&#8221; global_colors_info=&#8221;{}&#8221;][et_pb_column type=&#8221;4_4&#8243; _builder_version=&#8221;4.16&#8243; _module_preset=&#8221;default&#8221; global_colors_info=&#8221;{}&#8221;][et_pb_image title_text=&#8221;nursing-home_50&#8243; _builder_version=&#8221;4.27.0&#8243; _module_preset=&#8221;default&#8221; global_colors_info=&#8221;{}&#8221;][\/et_pb_image][\/et_pb_column][\/et_pb_row][\/et_pb_section]<\/p>\n","protected":false},"excerpt":{"rendered":"<p>Kamp Kozica virtualna \u0161etnjaPanorama 360\u00b0Panorama u 360 stupnjeva Kampa Kozica nudi pogled kojim mo\u017eete vidjeti cjelokupnu povr\u0161inu, raspored smje\u0161tajnih jedinica \u00a0i poziciju kampa.Da biste pregledavali 360\u00b0 panoramu, koristite mi\u0161 na svojem ra\u010dunalu. Na va\u0161em pametnom telefonu panoramu 360\u00b0 mo\u017eete pregledavati pomicanjem svojeg ure\u0111aja.Kampiranje u Hrvatskoj?Kamp Kozica je savr\u0161eno mjesto za istinski odmor u netaknutoj prirodi. [&hellip;]<\/p>\n","protected":false},"author":1,"featured_media":0,"parent":0,"menu_order":0,"comment_status":"closed","ping_status":"open","template":"","meta":{"_et_pb_use_builder":"on","_et_pb_old_content":"<!-- wp:paragraph -->\r\n<p>Ovo je primjer stranice. Razlikuje se od blog objave jer se stalno nalazi na istom mjestu i prikazati \u0107e se u izborniku va\u0161e web-stranice (u ve\u0107ini tema). Ve\u0107ina ljudi zapo\u010dinje s \"O meni\" stranicom koja ih predstavlja potencijalnim posjetiteljima web stranice. Na primjer mo\u017ee sadr\u017eavati:<\/p>\r\n<!-- \/wp:paragraph --><!-- wp:quote -->\r\n<blockquote class=\"wp-block-quote\">\r\n<p>Pozdrav! Ja sam dostavlja\u010d paketa tijekom dana, nadahnuti glumac tijekom no\u0107i i ovo je moja web-stranica. \u017divim u Vara\u017edinu, imam predobrog psa koji se zove Floki i volim pi\u00f1a colada. (I da me ponekad ulovi ki\u0161a bez ki\u0161obrana.)<\/p>\r\n<\/blockquote>\r\n<!-- \/wp:quote --><!-- wp:paragraph -->\r\n<p>...ili ne\u0161to poput ovoga:<\/p>\r\n<!-- \/wp:paragraph --><!-- wp:quote -->\r\n<blockquote class=\"wp-block-quote\">\r\n<p>Tvrtka XYZ Doohickey osnovana je 1971. godine i od tada pru\u017ea kvalitetne doohickejeve javnosti. Smje\u0161ten u gradu Gotham, XYZ zapo\u0161ljava vi\u0161e od 2.000 ljudi i \u010dini sve vrste fenomenalnih stvari za Gotham zajednicu.<\/p>\r\n<\/blockquote>\r\n<!-- \/wp:quote --><!-- wp:paragraph -->\r\n<p>Kao novi WordPress korisnik, trebali biste posjetiti <a href=\"http:\/\/camp-kozica.com\/Redizajn\/wp-admin\/\">nadzornu plo\u010du<\/a> kako biste obrisali ovu stranicu i kreirali nove stranice za svoj sadr\u017eaj. U\u017eivajte!<\/p>\r\n<!-- \/wp:paragraph -->","_et_gb_content_width":"","footnotes":""},"class_list":["post-3650","page","type-page","status-publish","hentry"],"yoast_head":"<!-- This site is optimized with the Yoast SEO plugin v27.5 - https:\/\/yoast.com\/product\/yoast-seo-wordpress\/ -->\n<title>Virtualna \u0161etnja, panorama 360 stupnjeva - Auto kamp Kozica | Kampiranje | Kamping | Turizam | Povoljne cijene Kampovi na Kvarneru<\/title>\n<meta name=\"description\" content=\"Virtualna \u0161etnja i panorama u 360 stupnjeva pru\u017eaju vam najbolji uvid u Kamp Kozica. Na ovaj na\u010din mo\u017eete saznati sve o pozicijama i veli\u010dini\" \/>\n<meta name=\"robots\" content=\"index, follow, max-snippet:-1, max-image-preview:large, max-video-preview:-1\" \/>\n<link rel=\"canonical\" href=\"https:\/\/camp-kozica.com\/hr\/virtualna-setnja-panorama-360-stupnjeva\/\" \/>\n<meta property=\"og:locale\" content=\"hr_HR\" \/>\n<meta property=\"og:type\" content=\"article\" \/>\n<meta property=\"og:title\" content=\"Virtualna \u0161etnja, panorama 360 stupnjeva - Auto kamp Kozica | Kampiranje | Kamping | Turizam | Povoljne cijene Kampovi na Kvarneru\" \/>\n<meta property=\"og:description\" content=\"Virtualna \u0161etnja i panorama u 360 stupnjeva pru\u017eaju vam najbolji uvid u Kamp Kozica. Na ovaj na\u010din mo\u017eete saznati sve o pozicijama i veli\u010dini\" \/>\n<meta property=\"og:url\" content=\"https:\/\/camp-kozica.com\/hr\/virtualna-setnja-panorama-360-stupnjeva\/\" \/>\n<meta property=\"og:site_name\" content=\"Auto kamp Kozica | Kampiranje | Kamping | Turizam | Povoljne cijene\" \/>\n<meta property=\"article:publisher\" content=\"https:\/\/www.facebook.com\/campkozica\" \/>\n<meta property=\"article:modified_time\" content=\"2025-05-18T10:47:47+00:00\" \/>\n<meta name=\"twitter:card\" content=\"summary_large_image\" \/>\n<meta name=\"twitter:label1\" content=\"Procijenjeno vrijeme \u010ditanja\" \/>\n\t<meta name=\"twitter:data1\" content=\"1 minuta\" \/>\n<script type=\"application\/ld+json\" class=\"yoast-schema-graph\">{\"@context\":\"https:\\\/\\\/schema.org\",\"@graph\":[{\"@type\":\"WebPage\",\"@id\":\"https:\\\/\\\/camp-kozica.com\\\/hr\\\/virtualna-setnja-panorama-360-stupnjeva\\\/\",\"url\":\"https:\\\/\\\/camp-kozica.com\\\/hr\\\/virtualna-setnja-panorama-360-stupnjeva\\\/\",\"name\":\"Virtualna \u0161etnja, panorama 360 stupnjeva - Auto kamp Kozica | Kampiranje | Kamping | Turizam | Povoljne cijene Kampovi na Kvarneru\",\"isPartOf\":{\"@id\":\"https:\\\/\\\/camp-kozica.com\\\/#website\"},\"datePublished\":\"2024-09-25T10:30:51+00:00\",\"dateModified\":\"2025-05-18T10:47:47+00:00\",\"description\":\"Virtualna \u0161etnja i panorama u 360 stupnjeva pru\u017eaju vam najbolji uvid u Kamp Kozica. Na ovaj na\u010din mo\u017eete saznati sve o pozicijama i veli\u010dini\",\"breadcrumb\":{\"@id\":\"https:\\\/\\\/camp-kozica.com\\\/hr\\\/virtualna-setnja-panorama-360-stupnjeva\\\/#breadcrumb\"},\"inLanguage\":\"hr\",\"potentialAction\":[{\"@type\":\"ReadAction\",\"target\":[\"https:\\\/\\\/camp-kozica.com\\\/hr\\\/virtualna-setnja-panorama-360-stupnjeva\\\/\"]}]},{\"@type\":\"BreadcrumbList\",\"@id\":\"https:\\\/\\\/camp-kozica.com\\\/hr\\\/virtualna-setnja-panorama-360-stupnjeva\\\/#breadcrumb\",\"itemListElement\":[{\"@type\":\"ListItem\",\"position\":1,\"name\":\"Po\u010detna stranica\",\"item\":\"https:\\\/\\\/camp-kozica.com\\\/hr\\\/\"},{\"@type\":\"ListItem\",\"position\":2,\"name\":\"Virtualna \u0161etnja, panorama 360 stupnjeva\"}]},{\"@type\":\"WebSite\",\"@id\":\"https:\\\/\\\/camp-kozica.com\\\/#website\",\"url\":\"https:\\\/\\\/camp-kozica.com\\\/\",\"name\":\"Auto kamp Kozica | Kampiranje | Kamping | Turizam | Povoljne cijene\",\"description\":\"Auto Kamp Kozica nalazi se na samoj obali, u \u017eivotopisnoj uvali Kozica, 9 km sjevernije od Senja. Idealan je za pravi, iskonski odmor u prirodi!\",\"potentialAction\":[{\"@type\":\"SearchAction\",\"target\":{\"@type\":\"EntryPoint\",\"urlTemplate\":\"https:\\\/\\\/camp-kozica.com\\\/?s={search_term_string}\"},\"query-input\":{\"@type\":\"PropertyValueSpecification\",\"valueRequired\":true,\"valueName\":\"search_term_string\"}}],\"inLanguage\":\"hr\"}]}<\/script>\n<!-- \/ Yoast SEO plugin. -->","yoast_head_json":{"title":"Virtualna \u0161etnja, panorama 360 stupnjeva - Auto kamp Kozica | Kampiranje | Kamping | Turizam | Povoljne cijene Kampovi na Kvarneru","description":"Virtualna \u0161etnja i panorama u 360 stupnjeva pru\u017eaju vam najbolji uvid u Kamp Kozica. Na ovaj na\u010din mo\u017eete saznati sve o pozicijama i veli\u010dini","robots":{"index":"index","follow":"follow","max-snippet":"max-snippet:-1","max-image-preview":"max-image-preview:large","max-video-preview":"max-video-preview:-1"},"canonical":"https:\/\/camp-kozica.com\/hr\/virtualna-setnja-panorama-360-stupnjeva\/","og_locale":"hr_HR","og_type":"article","og_title":"Virtualna \u0161etnja, panorama 360 stupnjeva - Auto kamp Kozica | Kampiranje | Kamping | Turizam | Povoljne cijene Kampovi na Kvarneru","og_description":"Virtualna \u0161etnja i panorama u 360 stupnjeva pru\u017eaju vam najbolji uvid u Kamp Kozica. Na ovaj na\u010din mo\u017eete saznati sve o pozicijama i veli\u010dini","og_url":"https:\/\/camp-kozica.com\/hr\/virtualna-setnja-panorama-360-stupnjeva\/","og_site_name":"Auto kamp Kozica | Kampiranje | Kamping | Turizam | Povoljne cijene","article_publisher":"https:\/\/www.facebook.com\/campkozica","article_modified_time":"2025-05-18T10:47:47+00:00","twitter_card":"summary_large_image","twitter_misc":{"Procijenjeno vrijeme \u010ditanja":"1 minuta"},"schema":{"@context":"https:\/\/schema.org","@graph":[{"@type":"WebPage","@id":"https:\/\/camp-kozica.com\/hr\/virtualna-setnja-panorama-360-stupnjeva\/","url":"https:\/\/camp-kozica.com\/hr\/virtualna-setnja-panorama-360-stupnjeva\/","name":"Virtualna \u0161etnja, panorama 360 stupnjeva - Auto kamp Kozica | Kampiranje | Kamping | Turizam | Povoljne cijene Kampovi na Kvarneru","isPartOf":{"@id":"https:\/\/camp-kozica.com\/#website"},"datePublished":"2024-09-25T10:30:51+00:00","dateModified":"2025-05-18T10:47:47+00:00","description":"Virtualna \u0161etnja i panorama u 360 stupnjeva pru\u017eaju vam najbolji uvid u Kamp Kozica. Na ovaj na\u010din mo\u017eete saznati sve o pozicijama i veli\u010dini","breadcrumb":{"@id":"https:\/\/camp-kozica.com\/hr\/virtualna-setnja-panorama-360-stupnjeva\/#breadcrumb"},"inLanguage":"hr","potentialAction":[{"@type":"ReadAction","target":["https:\/\/camp-kozica.com\/hr\/virtualna-setnja-panorama-360-stupnjeva\/"]}]},{"@type":"BreadcrumbList","@id":"https:\/\/camp-kozica.com\/hr\/virtualna-setnja-panorama-360-stupnjeva\/#breadcrumb","itemListElement":[{"@type":"ListItem","position":1,"name":"Po\u010detna stranica","item":"https:\/\/camp-kozica.com\/hr\/"},{"@type":"ListItem","position":2,"name":"Virtualna \u0161etnja, panorama 360 stupnjeva"}]},{"@type":"WebSite","@id":"https:\/\/camp-kozica.com\/#website","url":"https:\/\/camp-kozica.com\/","name":"Auto kamp Kozica | Kampiranje | Kamping | Turizam | Povoljne cijene","description":"Auto Kamp Kozica nalazi se na samoj obali, u \u017eivotopisnoj uvali Kozica, 9 km sjevernije od Senja. Idealan je za pravi, iskonski odmor u prirodi!","potentialAction":[{"@type":"SearchAction","target":{"@type":"EntryPoint","urlTemplate":"https:\/\/camp-kozica.com\/?s={search_term_string}"},"query-input":{"@type":"PropertyValueSpecification","valueRequired":true,"valueName":"search_term_string"}}],"inLanguage":"hr"}]}},"_links":{"self":[{"href":"https:\/\/camp-kozica.com\/hr\/wp-json\/wp\/v2\/pages\/3650","targetHints":{"allow":["GET"]}}],"collection":[{"href":"https:\/\/camp-kozica.com\/hr\/wp-json\/wp\/v2\/pages"}],"about":[{"href":"https:\/\/camp-kozica.com\/hr\/wp-json\/wp\/v2\/types\/page"}],"author":[{"embeddable":true,"href":"https:\/\/camp-kozica.com\/hr\/wp-json\/wp\/v2\/users\/1"}],"replies":[{"embeddable":true,"href":"https:\/\/camp-kozica.com\/hr\/wp-json\/wp\/v2\/comments?post=3650"}],"version-history":[{"count":11,"href":"https:\/\/camp-kozica.com\/hr\/wp-json\/wp\/v2\/pages\/3650\/revisions"}],"predecessor-version":[{"id":4884,"href":"https:\/\/camp-kozica.com\/hr\/wp-json\/wp\/v2\/pages\/3650\/revisions\/4884"}],"wp:attachment":[{"href":"https:\/\/camp-kozica.com\/hr\/wp-json\/wp\/v2\/media?parent=3650"}],"curies":[{"name":"wp","href":"https:\/\/api.w.org\/{rel}","templated":true}]}}